{"id":2259,"date":"2018-09-27T14:15:21","date_gmt":"2018-09-27T17:15:21","guid":{"rendered":"http:\/\/yanquimica.com.br\/site\/?page_id=2259"},"modified":"2022-09-11T12:11:46","modified_gmt":"2022-09-11T15:11:46","slug":"quem-somos","status":"publish","type":"page","link":"https:\/\/yanquimica.com.br\/site\/quem-somos\/","title":{"rendered":"Quem Somos"},"content":{"rendered":"<h3>A Yan Qu\u00edmica<\/h3>\n<p>Situada em Iper\u00f3\/SP a YAN Qu\u00edmica \u00e9 uma empresa que fabrica auxiliares qu\u00edmicos para a ind\u00fastria t\u00eaxtil, produtos de limpeza dom\u00e9stica e industrial.<\/p>\n<p>Com alta tecnologia e inova\u00e7\u00e3o, se consolidou como uma empresa de desenvolvimento e com solu\u00e7\u00f5es sob medida.<\/p>\n<p>A YAN Qu\u00edmica tem solu\u00e7\u00f5es sob medida na fabrica\u00e7\u00e3o e comercializa\u00e7\u00e3o de auxiliares qu\u00edmicos para o segmento de produtos de limpeza. Comprometida com a tecnologia e criatividade, antecipando tend\u00eancias, buscando inova\u00e7\u00e3o e sustentabilidade na limpeza da sua casa diariamente.<\/p>\n<p><strong>Miss\u00e3o<\/strong><\/p>\n<p>Fazer a diferen\u00e7a \u2013 onde estivermos e em tudo o que fizermos. Atuando de forma segura e rent\u00e1vel, com responsabilidade social e ambiental, na fabrica\u00e7\u00e3o de produtos qu\u00edmicos e servi\u00e7os adequados \u00e0s necessidades dos nossos clientes, contribuindo desta forma para o desenvolvimento da ind\u00fastria Nacional.<\/p>\n<p><strong>Vis\u00e3o<\/strong><\/p>\n<p>Ser reconhecida como uma empresa refer\u00eancia em qualidade, inova\u00e7\u00e3o e atendimento diferenciado na fabrica\u00e7\u00e3o e comercializa\u00e7\u00e3o de produtos qu\u00edmicos e servi\u00e7os. Tendo o compromisso de aperfei\u00e7oamento continuo de seus produto, maximizando valores para nossos clientes de forma rent\u00e1vel e sustent\u00e1vel em todos os segmentos de suas marcas.<\/p>\n<p><strong>Valores<\/strong><\/p>\n<p>Agir com seriedade, respeito, \u00e9tica e transpar\u00eancia em nossos neg\u00f3cios, mantendo a responsabilidade com nossos clientes, colaboradores e fornecedores. Ter atitudes de lideran\u00e7a e qualidade superiores, baseados em comprometimento e esfor\u00e7o continuo, com a valoriza\u00e7\u00e3o do capital humano.<\/p>\n","protected":false},"excerpt":{"rendered":"<p>A Yan Qu\u00edmica Situada em Iper\u00f3\/SP a YAN Qu\u00edmica \u00e9 uma empresa que fabrica auxiliares qu\u00edmicos para a ind\u00fastria t\u00eaxtil, produtos de limpeza dom\u00e9stica e industrial.<span class=\"excerpt-hellip\"> [\u2026]<\/span><\/p>\n","protected":false},"author":3,"featured_media":2672,"parent":0,"menu_order":0,"comment_status":"closed","ping_status":"closed","template":"","meta":[],"_links":{"self":[{"href":"https:\/\/yanquimica.com.br\/site\/wp-json\/wp\/v2\/pages\/2259"}],"collection":[{"href":"https:\/\/yanquimica.com.br\/site\/wp-json\/wp\/v2\/pages"}],"about":[{"href":"https:\/\/yanquimica.com.br\/site\/wp-json\/wp\/v2\/types\/page"}],"author":[{"embeddable":true,"href":"https:\/\/yanquimica.com.br\/site\/wp-json\/wp\/v2\/users\/3"}],"replies":[{"embeddable":true,"href":"https:\/\/yanquimica.com.br\/site\/wp-json\/wp\/v2\/comments?post=2259"}],"version-history":[{"count":7,"href":"https:\/\/yanquimica.com.br\/site\/wp-json\/wp\/v2\/pages\/2259\/revisions"}],"predecessor-version":[{"id":2528,"href":"https:\/\/yanquimica.com.br\/site\/wp-json\/wp\/v2\/pages\/2259\/revisions\/2528"}],"wp:featuredmedia":[{"embeddable":true,"href":"https:\/\/yanquimica.com.br\/site\/wp-json\/wp\/v2\/media\/2672"}],"wp:attachment":[{"href":"https:\/\/yanquimica.com.br\/site\/wp-json\/wp\/v2\/media?parent=2259"}],"curies":[{"name":"wp","href":"https:\/\/api.w.org\/{rel}","templated":true}]}}